{"id":3295,"date":"2025-09-24T11:43:45","date_gmt":"2025-09-24T11:43:45","guid":{"rendered":"https:\/\/viviendasturisticasmardeplata.com\/mentions-legales\/"},"modified":"2026-02-16T16:52:45","modified_gmt":"2026-02-16T16:52:45","slug":"mentions-legales","status":"publish","type":"page","link":"https:\/\/viviendasturisticasmardeplata.com\/fr\/mentions-legales\/","title":{"rendered":"Mentions l\u00e9gales"},"content":{"rendered":"\n<p>Le pr\u00e9sent avis juridique r\u00e9git l&rsquo;acc\u00e8s, la navigation et l&rsquo;utilisation du site web <strong><a href=\"http:\/\/www.viviendasturisticasmardeplata.com\">www.viviendasturisticasmardeplata.com<\/a><\/strong> (ci-apr\u00e8s, le \u00a0\u00bb site Web \u00ab\u00a0), propri\u00e9t\u00e9 de <strong>Restaurante Mar de Plata S.L.<\/strong>, qui offre des informations sur les services d&rsquo;h\u00e9bergement touristique qu&rsquo;elle propose.<\/p>\n\n<p>L\u2019acc\u00e8s et l\u2019utilisation du Site web conf\u00e8rent la qualit\u00e9 d\u2019UTILISATEUR et impliquent l\u2019acceptation pleine et sans r\u00e9serve de l\u2019ensemble des conditions figurant dans les pr\u00e9sentes Mentions l\u00e9gales.<\/p>\n\n<h2 class=\"wp-block-heading\">SOMMAIRE DES MENTIONS L\u00c9GALES<\/h2>\n\n<ol class=\"wp-block-list\">\n<li>Donn\u00e9es d\u2019identification<\/li>\n\n\n\n<li>Utilisateurs<\/li>\n\n\n\n<li>Utilisation du portail<\/li>\n\n\n\n<li>Utilisation des cookies<\/li>\n\n\n\n<li>Propri\u00e9t\u00e9 intellectuelle et industrielle<\/li>\n\n\n\n<li>Exclusion de garanties et de responsabilit\u00e9<\/li>\n\n\n\n<li>Modifications<\/li>\n\n\n\n<li>Liens<\/li>\n\n\n\n<li>Droit d\u2019exclusion<\/li>\n\n\n\n<li>Dispositions g\u00e9n\u00e9rales<\/li>\n\n\n\n<li>L\u00e9gislation applicable et juridiction<\/li>\n\n\n\n<li>R\u00e9solution des litiges en ligne<\/li>\n<\/ol>\n\n<hr class=\"wp-block-separator has-alpha-channel-opacity\"\/>\n\n<h3 class=\"wp-block-heading\">1. Donn\u00e9es d\u2019identification<\/h3>\n\n<p>Conform\u00e9ment aux dispositions de la loi 34\/2002, du 11 juillet, sur les services de la soci\u00e9t\u00e9 de l&rsquo;information et le commerce \u00e9lectronique (LSSI-CE), les informations suivantes sont fournies :<\/p>\n\n<ul class=\"wp-block-list\">\n<li>Propri\u00e9taire : <strong>Restaurante Mar de Plata S.L.<\/strong><\/li>\n\n\n\n<li>NUM\u00c9RO DE TVA : <strong>B27160258<\/strong><\/li>\n\n\n\n<li>Nom commercial : <strong>Viviendas Tur\u00edsticas Mar de Plata<\/strong><\/li>\n\n\n\n<li>Si\u00e8ge social : <strong>R\u00faa Formigueiros, 7 &#8211; 27600 Sarria (Lugo), Espagne<\/strong><\/li>\n\n\n\n<li>T\u00e9l\u00e9phone : <strong>+34 621 423 025<\/strong><\/li>\n\n\n\n<li>Courriel : <strong><a>info@viviendasturisticasmardeplata.com<\/a><\/strong><\/li>\n\n\n\n<li>Domaine : <strong><a href=\"http:\/\/www.viviendasturisticasmardeplata.com\">www.viviendasturisticasmardeplata.com<\/a><\/strong><\/li>\n<\/ul>\n\n<hr class=\"wp-block-separator has-alpha-channel-opacity\"\/>\n\n<h3 class=\"wp-block-heading\">2. Utilisateurs<\/h3>\n\n<p>L\u2019acc\u00e8s et\/ou l\u2019utilisation du Site web conf\u00e8rent la qualit\u00e9 d\u2019UTILISATEUR, qui accepte les Conditions g\u00e9n\u00e9rales d\u2019utilisation mentionn\u00e9es ici.<\/p>\n\n<h3 class=\"wp-block-heading\">3. Utilisation du portail<\/h3>\n\n<p>Le site Web a pour objet de fournir des informations sur les services d&rsquo;h\u00e9bergement touristique propos\u00e9s par Viviendas Tur\u00edsticas Mar de Plata. L&rsquo;UTILISATEUR s&rsquo;engage \u00e0 utiliser les contenus de mani\u00e8re appropri\u00e9e et conform\u00e9ment \u00e0 la r\u00e9glementation en vigueur. <\/p>\n\n<h3 class=\"wp-block-heading\">4. Utilisation des cookies<\/h3>\n\n<p>Le site Web utilise ses propres cookies et ceux de tiers afin d&rsquo;optimiser l&rsquo;exp\u00e9rience de navigation, de personnaliser les services et d&rsquo;analyser le trafic. L&rsquo;UTILISATEUR peut consulter de plus amples informations dans la <strong>Politique relative aux cookies<\/strong>. <\/p>\n\n<h3 class=\"wp-block-heading\">5. Propri\u00e9t\u00e9 intellectuelle et industrielle<\/h3>\n\n<p>Tous les contenus du Site web (textes, images, logos, design, code source) sont la propri\u00e9t\u00e9 de Restaurante Mar de Plata S.L. ou de tiers autoris\u00e9s. Leur reproduction, distribution ou communication au public sans autorisation expresse est interdite. <\/p>\n\n<h3 class=\"wp-block-heading\">6. Exclusion de garanties et de responsabilit\u00e9<\/h3>\n\n<p>Restaurante Mar de Plata S.L. ne garantit pas la disponibilit\u00e9 continue du site Web ni l&rsquo;absence d&rsquo;erreurs dans les contenus. Elle n&rsquo;assume pas non plus la responsabilit\u00e9 des dommages qui pourraient d\u00e9couler d&rsquo;une mauvaise utilisation du portail ou de la transmission de virus ou d&rsquo;autres \u00e9l\u00e9ments nuisibles. <\/p>\n\n<h3 class=\"wp-block-heading\">7. Modifications<\/h3>\n\n<p>La soci\u00e9t\u00e9 se r\u00e9serve le droit de modifier le site Web et les conditions qui y sont \u00e9nonc\u00e9es \u00e0 tout moment et sans pr\u00e9avis.<\/p>\n\n<h3 class=\"wp-block-heading\">8. Liens<\/h3>\n\n<p>Le Site web peut contenir des liens vers des pages de tiers. Restaurante Mar de Plata S.L. ne contr\u00f4le pas et n\u2019est pas responsable des contenus ni de la disponibilit\u00e9 desdits sites li\u00e9s. <\/p>\n\n<h3 class=\"wp-block-heading\">9. Droit d\u2019exclusion<\/h3>\n\n<p>L&rsquo;entreprise peut refuser ou retirer l&rsquo;acc\u00e8s au site web aux utilisateurs qui ne respectent pas les pr\u00e9sentes conditions g\u00e9n\u00e9rales sans pr\u00e9avis.<\/p>\n\n<h3 class=\"wp-block-heading\">10. Dispositions g\u00e9n\u00e9rales<\/h3>\n\n<p>L\u2019entreprise poursuivra toute violation des pr\u00e9sentes conditions en exer\u00e7ant l\u2019ensemble des actions civiles et p\u00e9nales qui lui sont reconnues par la loi.<\/p>\n\n<h3 class=\"wp-block-heading\">11. L\u00e9gislation applicable et juridiction<\/h3>\n\n<p>La relation entre Restaurante Mar de Plata S.L. et l\u2019UTILISATEUR sera r\u00e9gie par la r\u00e9glementation espagnole en vigueur. En cas de litige, les parties se soumettent aux cours et tribunaux de Lugo, sauf disposition l\u00e9gale contraire.<\/p>\n\n<h3 class=\"wp-block-heading\">12. R\u00e9solution des litiges en ligne<\/h3>\n\n<p>Conform\u00e9ment \u00e0 l&rsquo;article 14, paragraphe 1, du r\u00e8glement (UE) n\u00b0 524\/2013, la Commission europ\u00e9enne met \u00e0 disposition une plateforme de r\u00e8glement des litiges en ligne accessible \u00e0 l&rsquo;adresse suivante :<br\/> <a href=\"https:\/\/ec.europa.eu\/consumers\/odr\/\" target=\"_blank\" rel=\"noreferrer noopener\">https:\/\/ec.europa.eu\/consumers\/odr\/<\/a>.<\/p>\n","protected":false},"excerpt":{"rendered":"<p>Le pr\u00e9sent avis juridique r\u00e9git l&rsquo;acc\u00e8s, la navigation et l&rsquo;utilisation du site web www.viviendasturisticasmardeplata.com (ci-apr\u00e8s, le \u00a0\u00bb site Web \u00ab\u00a0), propri\u00e9t\u00e9 de Restaurante Mar de Plata S.L., qui offre des informations sur les services d&rsquo;h\u00e9bergement touristique qu&rsquo;elle propose. L\u2019acc\u00e8s et&#8230;<\/p>\n","protected":false},"author":1,"featured_media":0,"parent":0,"menu_order":0,"comment_status":"closed","ping_status":"closed","template":"","meta":{"footnotes":""},"class_list":["post-3295","page","type-page","status-publish","hentry"],"acf":[],"yoast_head":"<!-- This site is optimized with the Yoast SEO plugin v27.2 - https:\/\/yoast.com\/product\/yoast-seo-wordpress\/ -->\n<title>Mentions l\u00e9gales - Viviendas tur\u00edsticas Mar de Plata<\/title>\n<meta name=\"robots\" content=\"index, follow, max-snippet:-1, max-image-preview:large, max-video-preview:-1\" \/>\n<link rel=\"canonical\" href=\"https:\/\/viviendasturisticasmardeplata.com\/fr\/mentions-legales\/\" \/>\n<meta property=\"og:locale\" content=\"fr_FR\" \/>\n<meta property=\"og:type\" content=\"article\" \/>\n<meta property=\"og:title\" content=\"Mentions l\u00e9gales - Viviendas tur\u00edsticas Mar de Plata\" \/>\n<meta property=\"og:description\" content=\"Le pr\u00e9sent avis juridique r\u00e9git l&rsquo;acc\u00e8s, la navigation et l&rsquo;utilisation du site web www.viviendasturisticasmardeplata.com (ci-apr\u00e8s, le \u00a0\u00bb site Web \u00ab\u00a0), propri\u00e9t\u00e9 de Restaurante Mar de Plata S.L., qui offre des informations sur les services d&rsquo;h\u00e9bergement touristique qu&rsquo;elle propose. L\u2019acc\u00e8s et...\" \/>\n<meta property=\"og:url\" content=\"https:\/\/viviendasturisticasmardeplata.com\/fr\/mentions-legales\/\" \/>\n<meta property=\"og:site_name\" content=\"Viviendas tur\u00edsticas Mar de Plata\" \/>\n<meta property=\"article:modified_time\" content=\"2026-02-16T16:52:45+00:00\" \/>\n<meta name=\"twitter:card\" content=\"summary_large_image\" \/>\n<meta name=\"twitter:label1\" content=\"Dur\u00e9e de lecture estim\u00e9e\" \/>\n\t<meta name=\"twitter:data1\" content=\"3 minutes\" \/>\n<script type=\"application\/ld+json\" class=\"yoast-schema-graph\">{\"@context\":\"https:\/\/schema.org\",\"@graph\":[{\"@type\":\"WebPage\",\"@id\":\"https:\/\/viviendasturisticasmardeplata.com\/fr\/mentions-legales\/\",\"url\":\"https:\/\/viviendasturisticasmardeplata.com\/fr\/mentions-legales\/\",\"name\":\"Mentions l\u00e9gales - Viviendas tur\u00edsticas Mar de Plata\",\"isPartOf\":{\"@id\":\"https:\/\/viviendasturisticasmardeplata.com\/fr\/#website\"},\"datePublished\":\"2025-09-24T11:43:45+00:00\",\"dateModified\":\"2026-02-16T16:52:45+00:00\",\"breadcrumb\":{\"@id\":\"https:\/\/viviendasturisticasmardeplata.com\/fr\/mentions-legales\/#breadcrumb\"},\"inLanguage\":\"fr-FR\",\"potentialAction\":[{\"@type\":\"ReadAction\",\"target\":[\"https:\/\/viviendasturisticasmardeplata.com\/fr\/mentions-legales\/\"]}]},{\"@type\":\"BreadcrumbList\",\"@id\":\"https:\/\/viviendasturisticasmardeplata.com\/fr\/mentions-legales\/#breadcrumb\",\"itemListElement\":[{\"@type\":\"ListItem\",\"position\":1,\"name\":\"Portada\",\"item\":\"https:\/\/viviendasturisticasmardeplata.com\/fr\/accueil\/\"},{\"@type\":\"ListItem\",\"position\":2,\"name\":\"Mentions l\u00e9gales\"}]},{\"@type\":\"WebSite\",\"@id\":\"https:\/\/viviendasturisticasmardeplata.com\/fr\/#website\",\"url\":\"https:\/\/viviendasturisticasmardeplata.com\/fr\/\",\"name\":\"Viviendas tur\u00edsticas Mar de Plata\",\"description\":\"Viviendas tur\u00edsticas en Sarria - Mar de Plata\",\"publisher\":{\"@id\":\"https:\/\/viviendasturisticasmardeplata.com\/fr\/#organization\"},\"potentialAction\":[{\"@type\":\"SearchAction\",\"target\":{\"@type\":\"EntryPoint\",\"urlTemplate\":\"https:\/\/viviendasturisticasmardeplata.com\/fr\/?s={search_term_string}\"},\"query-input\":{\"@type\":\"PropertyValueSpecification\",\"valueRequired\":true,\"valueName\":\"search_term_string\"}}],\"inLanguage\":\"fr-FR\"},{\"@type\":\"Organization\",\"@id\":\"https:\/\/viviendasturisticasmardeplata.com\/fr\/#organization\",\"name\":\"Viviendas tur\u00edsticas Mar de Plata\",\"url\":\"https:\/\/viviendasturisticasmardeplata.com\/fr\/\",\"logo\":{\"@type\":\"ImageObject\",\"inLanguage\":\"fr-FR\",\"@id\":\"https:\/\/viviendasturisticasmardeplata.com\/fr\/#\/schema\/logo\/image\/\",\"url\":\"https:\/\/viviendasturisticasmardeplata.com\/wp-content\/uploads\/APARTAMENTOS.jpg\",\"contentUrl\":\"https:\/\/viviendasturisticasmardeplata.com\/wp-content\/uploads\/APARTAMENTOS.jpg\",\"width\":170,\"height\":130,\"caption\":\"Viviendas tur\u00edsticas Mar de Plata\"},\"image\":{\"@id\":\"https:\/\/viviendasturisticasmardeplata.com\/fr\/#\/schema\/logo\/image\/\"}}]}<\/script>\n<!-- \/ Yoast SEO plugin. -->","yoast_head_json":{"title":"Mentions l\u00e9gales - Viviendas tur\u00edsticas Mar de Plata","robots":{"index":"index","follow":"follow","max-snippet":"max-snippet:-1","max-image-preview":"max-image-preview:large","max-video-preview":"max-video-preview:-1"},"canonical":"https:\/\/viviendasturisticasmardeplata.com\/fr\/mentions-legales\/","og_locale":"fr_FR","og_type":"article","og_title":"Mentions l\u00e9gales - Viviendas tur\u00edsticas Mar de Plata","og_description":"Le pr\u00e9sent avis juridique r\u00e9git l&rsquo;acc\u00e8s, la navigation et l&rsquo;utilisation du site web www.viviendasturisticasmardeplata.com (ci-apr\u00e8s, le \u00a0\u00bb site Web \u00ab\u00a0), propri\u00e9t\u00e9 de Restaurante Mar de Plata S.L., qui offre des informations sur les services d&rsquo;h\u00e9bergement touristique qu&rsquo;elle propose. L\u2019acc\u00e8s et...","og_url":"https:\/\/viviendasturisticasmardeplata.com\/fr\/mentions-legales\/","og_site_name":"Viviendas tur\u00edsticas Mar de Plata","article_modified_time":"2026-02-16T16:52:45+00:00","twitter_card":"summary_large_image","twitter_misc":{"Dur\u00e9e de lecture estim\u00e9e":"3 minutes"},"schema":{"@context":"https:\/\/schema.org","@graph":[{"@type":"WebPage","@id":"https:\/\/viviendasturisticasmardeplata.com\/fr\/mentions-legales\/","url":"https:\/\/viviendasturisticasmardeplata.com\/fr\/mentions-legales\/","name":"Mentions l\u00e9gales - Viviendas tur\u00edsticas Mar de Plata","isPartOf":{"@id":"https:\/\/viviendasturisticasmardeplata.com\/fr\/#website"},"datePublished":"2025-09-24T11:43:45+00:00","dateModified":"2026-02-16T16:52:45+00:00","breadcrumb":{"@id":"https:\/\/viviendasturisticasmardeplata.com\/fr\/mentions-legales\/#breadcrumb"},"inLanguage":"fr-FR","potentialAction":[{"@type":"ReadAction","target":["https:\/\/viviendasturisticasmardeplata.com\/fr\/mentions-legales\/"]}]},{"@type":"BreadcrumbList","@id":"https:\/\/viviendasturisticasmardeplata.com\/fr\/mentions-legales\/#breadcrumb","itemListElement":[{"@type":"ListItem","position":1,"name":"Portada","item":"https:\/\/viviendasturisticasmardeplata.com\/fr\/accueil\/"},{"@type":"ListItem","position":2,"name":"Mentions l\u00e9gales"}]},{"@type":"WebSite","@id":"https:\/\/viviendasturisticasmardeplata.com\/fr\/#website","url":"https:\/\/viviendasturisticasmardeplata.com\/fr\/","name":"Viviendas tur\u00edsticas Mar de Plata","description":"Viviendas tur\u00edsticas en Sarria - Mar de Plata","publisher":{"@id":"https:\/\/viviendasturisticasmardeplata.com\/fr\/#organization"},"potentialAction":[{"@type":"SearchAction","target":{"@type":"EntryPoint","urlTemplate":"https:\/\/viviendasturisticasmardeplata.com\/fr\/?s={search_term_string}"},"query-input":{"@type":"PropertyValueSpecification","valueRequired":true,"valueName":"search_term_string"}}],"inLanguage":"fr-FR"},{"@type":"Organization","@id":"https:\/\/viviendasturisticasmardeplata.com\/fr\/#organization","name":"Viviendas tur\u00edsticas Mar de Plata","url":"https:\/\/viviendasturisticasmardeplata.com\/fr\/","logo":{"@type":"ImageObject","inLanguage":"fr-FR","@id":"https:\/\/viviendasturisticasmardeplata.com\/fr\/#\/schema\/logo\/image\/","url":"https:\/\/viviendasturisticasmardeplata.com\/wp-content\/uploads\/APARTAMENTOS.jpg","contentUrl":"https:\/\/viviendasturisticasmardeplata.com\/wp-content\/uploads\/APARTAMENTOS.jpg","width":170,"height":130,"caption":"Viviendas tur\u00edsticas Mar de Plata"},"image":{"@id":"https:\/\/viviendasturisticasmardeplata.com\/fr\/#\/schema\/logo\/image\/"}}]}},"_links":{"self":[{"href":"https:\/\/viviendasturisticasmardeplata.com\/fr\/wp-json\/wp\/v2\/pages\/3295","targetHints":{"allow":["GET"]}}],"collection":[{"href":"https:\/\/viviendasturisticasmardeplata.com\/fr\/wp-json\/wp\/v2\/pages"}],"about":[{"href":"https:\/\/viviendasturisticasmardeplata.com\/fr\/wp-json\/wp\/v2\/types\/page"}],"author":[{"embeddable":true,"href":"https:\/\/viviendasturisticasmardeplata.com\/fr\/wp-json\/wp\/v2\/users\/1"}],"replies":[{"embeddable":true,"href":"https:\/\/viviendasturisticasmardeplata.com\/fr\/wp-json\/wp\/v2\/comments?post=3295"}],"version-history":[{"count":1,"href":"https:\/\/viviendasturisticasmardeplata.com\/fr\/wp-json\/wp\/v2\/pages\/3295\/revisions"}],"predecessor-version":[{"id":3297,"href":"https:\/\/viviendasturisticasmardeplata.com\/fr\/wp-json\/wp\/v2\/pages\/3295\/revisions\/3297"}],"wp:attachment":[{"href":"https:\/\/viviendasturisticasmardeplata.com\/fr\/wp-json\/wp\/v2\/media?parent=3295"}],"curies":[{"name":"wp","href":"https:\/\/api.w.org\/{rel}","templated":true}]}}