{"id":3262,"date":"2025-09-24T11:43:45","date_gmt":"2025-09-24T11:43:45","guid":{"rendered":"https:\/\/viviendasturisticasmardeplata.com\/aviso-legal\/"},"modified":"2026-02-16T16:52:22","modified_gmt":"2026-02-16T16:52:22","slug":"aviso-legal","status":"publish","type":"page","link":"https:\/\/viviendasturisticasmardeplata.com\/gl\/aviso-legal\/","title":{"rendered":"Aviso legal"},"content":{"rendered":"\n<p>Este Aviso Legal regula o acceso, a navegaci\u00f3n e o uso do sitio web <strong><a href=\"http:\/\/www.viviendasturisticasmardeplata.com\">www.viviendasturisticasmardeplata.com<\/a><\/strong> (en diante, o &#8220;Sitio Web&#8221;), propiedade de <strong>Restaurante Mar de Plata SL<\/strong> , a trav\u00e9s do cal se ofrece informaci\u00f3n sobre os servizos de aloxamento tur\u00edstico que presta.<\/p>\n\n<p>O acceso e a utilizaci\u00f3n do Sitio Web atrib\u00faen a condici\u00f3n de USUARIO e implican a aceptaci\u00f3n plena e sen reservas de todas as condici\u00f3ns inclu\u00eddas neste Aviso Legal.<\/p>\n\n<h2 class=\"wp-block-heading\">\u00cdNDICE DO AVISO LEGAL<\/h2>\n\n<ol class=\"wp-block-list\">\n<li>Datos identificativos<\/li>\n\n\n\n<li>Usuarios<\/li>\n\n\n\n<li>Uso do portal<\/li>\n\n\n\n<li>Uso de cookies<\/li>\n\n\n\n<li>Propiedade intelectual e industrial<\/li>\n\n\n\n<li>Exclusi\u00f3n de garant\u00edas e responsabilidade<\/li>\n\n\n\n<li>Modificaci\u00f3ns<\/li>\n\n\n\n<li>Ligaz\u00f3ns<\/li>\n\n\n\n<li>Dereito de exclusi\u00f3n<\/li>\n\n\n\n<li>Xeneralidades<\/li>\n\n\n\n<li>Lexislaci\u00f3n aplicable e xurisdici\u00f3n<\/li>\n\n\n\n<li>Resoluci\u00f3n de litixios en li\u00f1a<\/li>\n<\/ol>\n\n<hr class=\"wp-block-separator has-alpha-channel-opacity\"\/>\n\n<h3 class=\"wp-block-heading\">1. Datos identificativos<\/h3>\n\n<p>En cumprimento do disposto na Lei 34\/2002, do 11 de xullo, de Servizos da Sociedade da Informaci\u00f3n e do Comercio Electr\u00f3nico (LSSI-CE), refl\u00edctense os seguintes datos:<\/p>\n\n<ul class=\"wp-block-list\">\n<li>Titular: <strong>Restaurante Mar de Plata SL<\/strong><\/li>\n\n\n\n<li>CIF: <strong>B27160258<\/strong><\/li>\n\n\n\n<li>Nome comercial: <strong>Aloxamentos tur\u00edsticos de Mar de Plata<\/strong><\/li>\n\n\n\n<li>Domicilio social: <strong>R\u00faa Formigueiros, 7 \u2013 27600 Sarria (Lugo), Espa\u00f1a<\/strong><\/li>\n\n\n\n<li>Tel\u00e9fono: <strong>+34 621 423 025<\/strong><\/li>\n\n\n\n<li>Correo electr\u00f3nico: <strong><a>info@viviendasturisticasmardeplata.com<\/a><\/strong><\/li>\n\n\n\n<li>Dominio: <strong><a href=\"http:\/\/www.viviendasturisticasmardeplata.com\">www.viviendasturisticasmardeplata.com<\/a><\/strong><\/li>\n<\/ul>\n\n<hr class=\"wp-block-separator has-alpha-channel-opacity\"\/>\n\n<h3 class=\"wp-block-heading\">2. Usuarios<\/h3>\n\n<p>O acceso e\/ou o uso do Sitio Web atrib\u00faen a condici\u00f3n de USUARIO, que acepta as Condici\u00f3ns Xerais de uso aqu\u00ed recollidas.<\/p>\n\n<h3 class=\"wp-block-heading\">3. Uso do portal<\/h3>\n\n<p>A finalidade deste sitio web \u00e9 proporcionar informaci\u00f3n sobre os servizos de aloxamento tur\u00edstico que ofrece Viviendas Tur\u00edsticas Mar de Plata. O usuario comprom\u00e9tese a usar o contido de forma axeitada e de acordo coa normativa vixente. <\/p>\n\n<h3 class=\"wp-block-heading\">4. Uso de cookies<\/h3>\n\n<p>Este sitio web utiliza cookies propias e de terceiros para optimizar a experiencia de navegaci\u00f3n, personalizar os servizos e analizar o tr\u00e1fico. Os usuarios poden atopar m\u00e1is informaci\u00f3n na <strong>Pol\u00edtica de cookies<\/strong> . <\/p>\n\n<h3 class=\"wp-block-heading\">5. Propiedade intelectual e industrial<\/h3>\n\n<p>Todos os contidos do Sitio Web (textos, imaxes, logotipos, dese\u00f1o, c\u00f3digo fonte) son propiedade de Restaurante Mar de Plata S.L. ou de terceiros autorizados. Queda prohibida a s\u00faa reproduci\u00f3n, distribuci\u00f3n ou comunicaci\u00f3n p\u00fablica sen autorizaci\u00f3n expresa. <\/p>\n\n<h3 class=\"wp-block-heading\">6. Exclusi\u00f3n de garant\u00edas e responsabilidade<\/h3>\n\n<p>Restaurante Mar de Plata SL non garante a dispo\u00f1ibilidade continua do sitio web nin a ausencia de erros no seu contido. Tampouco se responsabiliza dos danos que poidan derivarse dun mal uso do sitio web ou da transmisi\u00f3n de virus ou outros elementos nocivos. <\/p>\n\n<h3 class=\"wp-block-heading\">7. Modificaci\u00f3ns<\/h3>\n\n<p>A empresa res\u00e9rvase o dereito de modificar o sitio web e as condici\u00f3ns aqu\u00ed establecidas en calquera momento, sen previo aviso.<\/p>\n\n<h3 class=\"wp-block-heading\">8. Ligaz\u00f3ns<\/h3>\n\n<p>O Sitio Web pode conter ligaz\u00f3ns a p\u00e1xinas de terceiros. Restaurante Mar de Plata S.L. non controla nin se responsabiliza dos contidos nin da dispo\u00f1ibilidade destes sitios enlazados. <\/p>\n\n<h3 class=\"wp-block-heading\">9. Dereito de exclusi\u00f3n<\/h3>\n\n<p>A empresa poder\u00e1 denegar ou retirar o acceso ao sitio web aos usuarios que infrinxan estas condici\u00f3ns, sen previo aviso.<\/p>\n\n<h3 class=\"wp-block-heading\">10. Xeneralidades<\/h3>\n\n<p>A empresa perseguir\u00e1 o incumprimento das presentes condici\u00f3ns mediante todas as acci\u00f3ns civ\u00eds e penais que lle correspondan en dereito.<\/p>\n\n<h3 class=\"wp-block-heading\">11. Lexislaci\u00f3n aplicable e xurisdici\u00f3n<\/h3>\n\n<p>A relaci\u00f3n entre Restaurante Mar de Plata S.L. e o USUARIO rexerase pola normativa espa\u00f1ola vixente. Para calquera controversia, as partes someteranse aos Xulgados e Tribunais de Lugo, ag\u00e1s que a lei dispo\u00f1a o contrario.<\/p>\n\n<h3 class=\"wp-block-heading\">12. Resoluci\u00f3n de litixios en li\u00f1a<\/h3>\n\n<p>De conformidade co artigo 14.1 do Regulamento (UE) 524\/2013, a Comisi\u00f3n Europea proporciona unha plataforma de resoluci\u00f3n de litixios en li\u00f1a accesible en:<br\/> <a href=\"https:\/\/ec.europa.eu\/consumers\/odr\/\" target=\"_blank\" rel=\"noreferrer noopener\">https:\/\/ec.europa.eu\/consumers\/odr\/<\/a><\/p>\n","protected":false},"excerpt":{"rendered":"<p>Este Aviso Legal regula o acceso, a navegaci\u00f3n e o uso do sitio web www.viviendasturisticasmardeplata.com (en diante, o &#8220;Sitio Web&#8221;), propiedade de Restaurante Mar de Plata SL , a trav\u00e9s do cal se ofrece informaci\u00f3n sobre os servizos de aloxamento&#8230;<\/p>\n","protected":false},"author":1,"featured_media":0,"parent":0,"menu_order":0,"comment_status":"closed","ping_status":"closed","template":"","meta":{"footnotes":""},"class_list":["post-3262","page","type-page","status-publish","hentry"],"acf":[],"yoast_head":"<!-- This site is optimized with the Yoast SEO plugin v27.2 - https:\/\/yoast.com\/product\/yoast-seo-wordpress\/ -->\n<title>Aviso legal - Viviendas tur\u00edsticas Mar de Plata<\/title>\n<meta name=\"robots\" content=\"index, follow, max-snippet:-1, max-image-preview:large, max-video-preview:-1\" \/>\n<link rel=\"canonical\" href=\"https:\/\/viviendasturisticasmardeplata.com\/gl\/aviso-legal\/\" \/>\n<meta property=\"og:locale\" content=\"gl_ES\" \/>\n<meta property=\"og:type\" content=\"article\" \/>\n<meta property=\"og:title\" content=\"Aviso legal - Viviendas tur\u00edsticas Mar de Plata\" \/>\n<meta property=\"og:description\" content=\"Este Aviso Legal regula o acceso, a navegaci\u00f3n e o uso do sitio web www.viviendasturisticasmardeplata.com (en diante, o &#8220;Sitio Web&#8221;), propiedade de Restaurante Mar de Plata SL , a trav\u00e9s do cal se ofrece informaci\u00f3n sobre os servizos de aloxamento...\" \/>\n<meta property=\"og:url\" content=\"https:\/\/viviendasturisticasmardeplata.com\/gl\/aviso-legal\/\" \/>\n<meta property=\"og:site_name\" content=\"Viviendas tur\u00edsticas Mar de Plata\" \/>\n<meta property=\"article:modified_time\" content=\"2026-02-16T16:52:22+00:00\" \/>\n<meta name=\"twitter:card\" content=\"summary_large_image\" \/>\n<meta name=\"twitter:label1\" content=\"Tempo de lectura\" \/>\n\t<meta name=\"twitter:data1\" content=\"3 minutos\" \/>\n<script type=\"application\/ld+json\" class=\"yoast-schema-graph\">{\"@context\":\"https:\/\/schema.org\",\"@graph\":[{\"@type\":\"WebPage\",\"@id\":\"https:\/\/viviendasturisticasmardeplata.com\/gl\/aviso-legal\/\",\"url\":\"https:\/\/viviendasturisticasmardeplata.com\/gl\/aviso-legal\/\",\"name\":\"Aviso legal - Viviendas tur\u00edsticas Mar de Plata\",\"isPartOf\":{\"@id\":\"https:\/\/viviendasturisticasmardeplata.com\/gl\/#website\"},\"datePublished\":\"2025-09-24T11:43:45+00:00\",\"dateModified\":\"2026-02-16T16:52:22+00:00\",\"breadcrumb\":{\"@id\":\"https:\/\/viviendasturisticasmardeplata.com\/gl\/aviso-legal\/#breadcrumb\"},\"inLanguage\":\"gl-ES\",\"potentialAction\":[{\"@type\":\"ReadAction\",\"target\":[\"https:\/\/viviendasturisticasmardeplata.com\/gl\/aviso-legal\/\"]}]},{\"@type\":\"BreadcrumbList\",\"@id\":\"https:\/\/viviendasturisticasmardeplata.com\/gl\/aviso-legal\/#breadcrumb\",\"itemListElement\":[{\"@type\":\"ListItem\",\"position\":1,\"name\":\"Portada\",\"item\":\"https:\/\/viviendasturisticasmardeplata.com\/gl\/comeza\/\"},{\"@type\":\"ListItem\",\"position\":2,\"name\":\"Aviso legal\"}]},{\"@type\":\"WebSite\",\"@id\":\"https:\/\/viviendasturisticasmardeplata.com\/gl\/#website\",\"url\":\"https:\/\/viviendasturisticasmardeplata.com\/gl\/\",\"name\":\"Viviendas tur\u00edsticas Mar de Plata\",\"description\":\"Viviendas tur\u00edsticas en Sarria - Mar de Plata\",\"publisher\":{\"@id\":\"https:\/\/viviendasturisticasmardeplata.com\/gl\/#organization\"},\"potentialAction\":[{\"@type\":\"SearchAction\",\"target\":{\"@type\":\"EntryPoint\",\"urlTemplate\":\"https:\/\/viviendasturisticasmardeplata.com\/gl\/?s={search_term_string}\"},\"query-input\":{\"@type\":\"PropertyValueSpecification\",\"valueRequired\":true,\"valueName\":\"search_term_string\"}}],\"inLanguage\":\"gl-ES\"},{\"@type\":\"Organization\",\"@id\":\"https:\/\/viviendasturisticasmardeplata.com\/gl\/#organization\",\"name\":\"Viviendas tur\u00edsticas Mar de Plata\",\"url\":\"https:\/\/viviendasturisticasmardeplata.com\/gl\/\",\"logo\":{\"@type\":\"ImageObject\",\"inLanguage\":\"gl-ES\",\"@id\":\"https:\/\/viviendasturisticasmardeplata.com\/gl\/#\/schema\/logo\/image\/\",\"url\":\"https:\/\/viviendasturisticasmardeplata.com\/wp-content\/uploads\/APARTAMENTOS.jpg\",\"contentUrl\":\"https:\/\/viviendasturisticasmardeplata.com\/wp-content\/uploads\/APARTAMENTOS.jpg\",\"width\":170,\"height\":130,\"caption\":\"Viviendas tur\u00edsticas Mar de Plata\"},\"image\":{\"@id\":\"https:\/\/viviendasturisticasmardeplata.com\/gl\/#\/schema\/logo\/image\/\"}}]}<\/script>\n<!-- \/ Yoast SEO plugin. -->","yoast_head_json":{"title":"Aviso legal - Viviendas tur\u00edsticas Mar de Plata","robots":{"index":"index","follow":"follow","max-snippet":"max-snippet:-1","max-image-preview":"max-image-preview:large","max-video-preview":"max-video-preview:-1"},"canonical":"https:\/\/viviendasturisticasmardeplata.com\/gl\/aviso-legal\/","og_locale":"gl_ES","og_type":"article","og_title":"Aviso legal - Viviendas tur\u00edsticas Mar de Plata","og_description":"Este Aviso Legal regula o acceso, a navegaci\u00f3n e o uso do sitio web www.viviendasturisticasmardeplata.com (en diante, o &#8220;Sitio Web&#8221;), propiedade de Restaurante Mar de Plata SL , a trav\u00e9s do cal se ofrece informaci\u00f3n sobre os servizos de aloxamento...","og_url":"https:\/\/viviendasturisticasmardeplata.com\/gl\/aviso-legal\/","og_site_name":"Viviendas tur\u00edsticas Mar de Plata","article_modified_time":"2026-02-16T16:52:22+00:00","twitter_card":"summary_large_image","twitter_misc":{"Tempo de lectura":"3 minutos"},"schema":{"@context":"https:\/\/schema.org","@graph":[{"@type":"WebPage","@id":"https:\/\/viviendasturisticasmardeplata.com\/gl\/aviso-legal\/","url":"https:\/\/viviendasturisticasmardeplata.com\/gl\/aviso-legal\/","name":"Aviso legal - Viviendas tur\u00edsticas Mar de Plata","isPartOf":{"@id":"https:\/\/viviendasturisticasmardeplata.com\/gl\/#website"},"datePublished":"2025-09-24T11:43:45+00:00","dateModified":"2026-02-16T16:52:22+00:00","breadcrumb":{"@id":"https:\/\/viviendasturisticasmardeplata.com\/gl\/aviso-legal\/#breadcrumb"},"inLanguage":"gl-ES","potentialAction":[{"@type":"ReadAction","target":["https:\/\/viviendasturisticasmardeplata.com\/gl\/aviso-legal\/"]}]},{"@type":"BreadcrumbList","@id":"https:\/\/viviendasturisticasmardeplata.com\/gl\/aviso-legal\/#breadcrumb","itemListElement":[{"@type":"ListItem","position":1,"name":"Portada","item":"https:\/\/viviendasturisticasmardeplata.com\/gl\/comeza\/"},{"@type":"ListItem","position":2,"name":"Aviso legal"}]},{"@type":"WebSite","@id":"https:\/\/viviendasturisticasmardeplata.com\/gl\/#website","url":"https:\/\/viviendasturisticasmardeplata.com\/gl\/","name":"Viviendas tur\u00edsticas Mar de Plata","description":"Viviendas tur\u00edsticas en Sarria - Mar de Plata","publisher":{"@id":"https:\/\/viviendasturisticasmardeplata.com\/gl\/#organization"},"potentialAction":[{"@type":"SearchAction","target":{"@type":"EntryPoint","urlTemplate":"https:\/\/viviendasturisticasmardeplata.com\/gl\/?s={search_term_string}"},"query-input":{"@type":"PropertyValueSpecification","valueRequired":true,"valueName":"search_term_string"}}],"inLanguage":"gl-ES"},{"@type":"Organization","@id":"https:\/\/viviendasturisticasmardeplata.com\/gl\/#organization","name":"Viviendas tur\u00edsticas Mar de Plata","url":"https:\/\/viviendasturisticasmardeplata.com\/gl\/","logo":{"@type":"ImageObject","inLanguage":"gl-ES","@id":"https:\/\/viviendasturisticasmardeplata.com\/gl\/#\/schema\/logo\/image\/","url":"https:\/\/viviendasturisticasmardeplata.com\/wp-content\/uploads\/APARTAMENTOS.jpg","contentUrl":"https:\/\/viviendasturisticasmardeplata.com\/wp-content\/uploads\/APARTAMENTOS.jpg","width":170,"height":130,"caption":"Viviendas tur\u00edsticas Mar de Plata"},"image":{"@id":"https:\/\/viviendasturisticasmardeplata.com\/gl\/#\/schema\/logo\/image\/"}}]}},"_links":{"self":[{"href":"https:\/\/viviendasturisticasmardeplata.com\/gl\/wp-json\/wp\/v2\/pages\/3262","targetHints":{"allow":["GET"]}}],"collection":[{"href":"https:\/\/viviendasturisticasmardeplata.com\/gl\/wp-json\/wp\/v2\/pages"}],"about":[{"href":"https:\/\/viviendasturisticasmardeplata.com\/gl\/wp-json\/wp\/v2\/types\/page"}],"author":[{"embeddable":true,"href":"https:\/\/viviendasturisticasmardeplata.com\/gl\/wp-json\/wp\/v2\/users\/1"}],"replies":[{"embeddable":true,"href":"https:\/\/viviendasturisticasmardeplata.com\/gl\/wp-json\/wp\/v2\/comments?post=3262"}],"version-history":[{"count":1,"href":"https:\/\/viviendasturisticasmardeplata.com\/gl\/wp-json\/wp\/v2\/pages\/3262\/revisions"}],"predecessor-version":[{"id":3275,"href":"https:\/\/viviendasturisticasmardeplata.com\/gl\/wp-json\/wp\/v2\/pages\/3262\/revisions\/3275"}],"wp:attachment":[{"href":"https:\/\/viviendasturisticasmardeplata.com\/gl\/wp-json\/wp\/v2\/media?parent=3262"}],"curies":[{"name":"wp","href":"https:\/\/api.w.org\/{rel}","templated":true}]}}