{"id":3290,"date":"2025-09-24T11:43:45","date_gmt":"2025-09-24T11:43:45","guid":{"rendered":"https:\/\/viviendasturisticasmardeplata.com\/note-legali\/"},"modified":"2026-02-16T16:52:45","modified_gmt":"2026-02-16T16:52:45","slug":"note-legali","status":"publish","type":"page","link":"https:\/\/viviendasturisticasmardeplata.com\/it\/note-legali\/","title":{"rendered":"Note legali"},"content":{"rendered":"\n<p>Il presente Avviso Legale regola l&#8217;accesso, la navigazione e l&#8217;utilizzo del sito web <strong><a href=\"http:\/\/www.viviendasturisticasmardeplata.com\">www.viviendasturisticasmardeplata.com<\/a><\/strong> (di seguito, il &#8220;Sito Web&#8221;), di propriet\u00e0 del <strong>Restaurante Mar de Plata S.L.<\/strong>, attraverso il quale vengono offerte informazioni sui servizi di ricettivit\u00e0 turistica offerti.<\/p>\n\n<p>L&#8217;accesso e l&#8217;utilizzo del Sito Web attribuiscono la condizione di UTENTE e implicano l&#8217;accettazione piena e senza riserve di tutte le condizioni incluse in queste Note Legali.<\/p>\n\n<h2 class=\"wp-block-heading\">INDICE DELLE NOTE LEGALI<\/h2>\n\n<ol class=\"wp-block-list\">\n<li>Dati identificativi<\/li>\n\n\n\n<li>Utenti<\/li>\n\n\n\n<li>Uso del portale<\/li>\n\n\n\n<li>Uso dei cookie<\/li>\n\n\n\n<li>Propriet\u00e0 intellettuale e industriale<\/li>\n\n\n\n<li>Esclusione di garanzie e responsabilit\u00e0<\/li>\n\n\n\n<li>Modifiche<\/li>\n\n\n\n<li>Link<\/li>\n\n\n\n<li>Diritto di esclusione<\/li>\n\n\n\n<li>Generalit\u00e0<\/li>\n\n\n\n<li>Legislazione applicabile e foro competente<\/li>\n\n\n\n<li>Risoluzione delle controversie online<\/li>\n<\/ol>\n\n<hr class=\"wp-block-separator has-alpha-channel-opacity\"\/>\n\n<h3 class=\"wp-block-heading\">1. Dati identificativi<\/h3>\n\n<p>In conformit\u00e0 alle disposizioni della Legge 34\/2002, dell&#8217;11 luglio, sui Servizi della Societ\u00e0 dell&#8217;Informazione e del Commercio Elettronico (LSSI-CE), si forniscono le seguenti informazioni:<\/p>\n\n<ul class=\"wp-block-list\">\n<li>Proprietario: <strong>Restaurante Mar de Plata S.L.<\/strong><\/li>\n\n\n\n<li>PARTITA IVA: <strong>B27160258<\/strong><\/li>\n\n\n\n<li>Nome commerciale: <strong>Viviendas Tur\u00edsticas Mar de Plata<\/strong><\/li>\n\n\n\n<li>Sede legale: <strong>R\u00faa Formigueiros, 7 &#8211; 27600 Sarria (Lugo), Spagna<\/strong><\/li>\n\n\n\n<li>Telefono: <strong>+34 621 423 025<\/strong><\/li>\n\n\n\n<li>Email: <strong><a>info@viviendasturisticasmardeplata.com<\/a><\/strong><\/li>\n\n\n\n<li>Dominio: <strong><a href=\"http:\/\/www.viviendasturisticasmardeplata.com\">www.viviendasturisticasmardeplata.com<\/a><\/strong><\/li>\n<\/ul>\n\n<hr class=\"wp-block-separator has-alpha-channel-opacity\"\/>\n\n<h3 class=\"wp-block-heading\">2. Utenti<\/h3>\n\n<p>L&#8217;accesso e\/o l&#8217;uso del Sito Web attribuisce la condizione di UTENTE, che accetta le Condizioni Generali d&#8217;uso qui riportate.<\/p>\n\n<h3 class=\"wp-block-heading\">3. Uso del portale<\/h3>\n\n<p>Lo scopo del Sito Web \u00e8 quello di fornire informazioni sui servizi di alloggio turistico forniti da Viviendas Tur\u00edsticas Mar de Plata. L&#8217;UTENTE si impegna a utilizzare i contenuti in modo appropriato e in conformit\u00e0 alle norme vigenti. <\/p>\n\n<h3 class=\"wp-block-heading\">4. Uso dei cookie<\/h3>\n\n<p>Il Sito utilizza cookie propri e di terze parti per ottimizzare l&#8217;esperienza di navigazione, personalizzare i servizi e analizzare il traffico. L&#8217;UTENTE pu\u00f2 consultare ulteriori informazioni nella <strong>Politica sui Cookies<\/strong>. <\/p>\n\n<h3 class=\"wp-block-heading\">5. Propriet\u00e0 intellettuale e industriale<\/h3>\n\n<p>Tutti i contenuti del Sito Web (testi, immagini, loghi, design, codice sorgente) sono di propriet\u00e0 di Restaurante Mar de Plata S.L. o di terzi autorizzati. Ne \u00e8 vietata la riproduzione, distribuzione o comunicazione pubblica senza espressa autorizzazione. <\/p>\n\n<h3 class=\"wp-block-heading\">6. Esclusione di garanzie e responsabilit\u00e0<\/h3>\n\n<p>Restaurante Mar de Plata S.L. non garantisce la disponibilit\u00e0 continua del Sito Web o l&#8217;assenza di errori nei contenuti. N\u00e9 si assume la responsabilit\u00e0 di eventuali danni che possano derivare dall&#8217;uso improprio del portale o dalla trasmissione di virus o altri elementi dannosi. <\/p>\n\n<h3 class=\"wp-block-heading\">7. Modifiche<\/h3>\n\n<p>La Societ\u00e0 si riserva il diritto di modificare il Sito e le condizioni qui riportate in qualsiasi momento e senza preavviso.<\/p>\n\n<h3 class=\"wp-block-heading\">8. Link<\/h3>\n\n<p>Il Sito Web pu\u00f2 contenere link a pagine di terzi. Restaurante Mar de Plata S.L. non controlla n\u00e9 \u00e8 responsabile dei contenuti o della disponibilit\u00e0 di tali siti collegati. <\/p>\n\n<h3 class=\"wp-block-heading\">9. Diritto di esclusione<\/h3>\n\n<p>L&#8217;azienda pu\u00f2 negare o ritirare l&#8217;accesso al Sito agli utenti che non rispettano i presenti termini e condizioni senza preavviso.<\/p>\n\n<h3 class=\"wp-block-heading\">10. Generalit\u00e0<\/h3>\n\n<p>L&#8217;azienda perseguir\u00e0 l&#8217;inadempimento delle presenti condizioni attraverso tutte le azioni civili e penali che le spettano per legge.<\/p>\n\n<h3 class=\"wp-block-heading\">11. Legislazione applicabile e foro competente<\/h3>\n\n<p>Il rapporto tra Restaurante Mar de Plata S.L. e l&#8217;UTENTE sar\u00e0 regolato dalla legislazione spagnola vigente. In caso di controversie, le parti saranno sottoposte alle Corti e ai Tribunali di Lugo, salvo diversa disposizione di legge. <\/p>\n\n<h3 class=\"wp-block-heading\">12. Risoluzione delle controversie online<\/h3>\n\n<p>Ai sensi dell&#8217;articolo 14, paragrafo 1, del Regolamento (UE) 524\/2013, la Commissione europea mette a disposizione una piattaforma di risoluzione delle controversie online accessibile all&#8217;indirizzo:<br\/> <a href=\"https:\/\/ec.europa.eu\/consumers\/odr\/\" target=\"_blank\" rel=\"noreferrer noopener\">https:\/\/ec.europa.eu\/consumers\/odr\/<\/a><\/p>\n","protected":false},"excerpt":{"rendered":"<p>Il presente Avviso Legale regola l&#8217;accesso, la navigazione e l&#8217;utilizzo del sito web www.viviendasturisticasmardeplata.com (di seguito, il &#8220;Sito Web&#8221;), di propriet\u00e0 del Restaurante Mar de Plata S.L., attraverso il quale vengono offerte informazioni sui servizi di ricettivit\u00e0 turistica offerti. L&#8217;accesso&#8230;<\/p>\n","protected":false},"author":1,"featured_media":0,"parent":0,"menu_order":0,"comment_status":"closed","ping_status":"closed","template":"","meta":{"footnotes":""},"class_list":["post-3290","page","type-page","status-publish","hentry"],"acf":[],"yoast_head":"<!-- This site is optimized with the Yoast SEO plugin v27.2 - https:\/\/yoast.com\/product\/yoast-seo-wordpress\/ -->\n<title>Note legali - Viviendas tur\u00edsticas Mar de Plata<\/title>\n<meta name=\"robots\" content=\"index, follow, max-snippet:-1, max-image-preview:large, max-video-preview:-1\" \/>\n<link rel=\"canonical\" href=\"https:\/\/viviendasturisticasmardeplata.com\/it\/note-legali\/\" \/>\n<meta property=\"og:locale\" content=\"it_IT\" \/>\n<meta property=\"og:type\" content=\"article\" \/>\n<meta property=\"og:title\" content=\"Note legali - Viviendas tur\u00edsticas Mar de Plata\" \/>\n<meta property=\"og:description\" content=\"Il presente Avviso Legale regola l&#8217;accesso, la navigazione e l&#8217;utilizzo del sito web www.viviendasturisticasmardeplata.com (di seguito, il &#8220;Sito Web&#8221;), di propriet\u00e0 del Restaurante Mar de Plata S.L., attraverso il quale vengono offerte informazioni sui servizi di ricettivit\u00e0 turistica offerti. L&#8217;accesso...\" \/>\n<meta property=\"og:url\" content=\"https:\/\/viviendasturisticasmardeplata.com\/it\/note-legali\/\" \/>\n<meta property=\"og:site_name\" content=\"Viviendas tur\u00edsticas Mar de Plata\" \/>\n<meta property=\"article:modified_time\" content=\"2026-02-16T16:52:45+00:00\" \/>\n<meta name=\"twitter:card\" content=\"summary_large_image\" \/>\n<meta name=\"twitter:label1\" content=\"Tempo di lettura stimato\" \/>\n\t<meta name=\"twitter:data1\" content=\"3 minuti\" \/>\n<script type=\"application\/ld+json\" class=\"yoast-schema-graph\">{\"@context\":\"https:\/\/schema.org\",\"@graph\":[{\"@type\":\"WebPage\",\"@id\":\"https:\/\/viviendasturisticasmardeplata.com\/it\/note-legali\/\",\"url\":\"https:\/\/viviendasturisticasmardeplata.com\/it\/note-legali\/\",\"name\":\"Note legali - Viviendas tur\u00edsticas Mar de Plata\",\"isPartOf\":{\"@id\":\"https:\/\/viviendasturisticasmardeplata.com\/it\/#website\"},\"datePublished\":\"2025-09-24T11:43:45+00:00\",\"dateModified\":\"2026-02-16T16:52:45+00:00\",\"breadcrumb\":{\"@id\":\"https:\/\/viviendasturisticasmardeplata.com\/it\/note-legali\/#breadcrumb\"},\"inLanguage\":\"it-IT\",\"potentialAction\":[{\"@type\":\"ReadAction\",\"target\":[\"https:\/\/viviendasturisticasmardeplata.com\/it\/note-legali\/\"]}]},{\"@type\":\"BreadcrumbList\",\"@id\":\"https:\/\/viviendasturisticasmardeplata.com\/it\/note-legali\/#breadcrumb\",\"itemListElement\":[{\"@type\":\"ListItem\",\"position\":1,\"name\":\"Portada\",\"item\":\"https:\/\/viviendasturisticasmardeplata.com\/it\/home\/\"},{\"@type\":\"ListItem\",\"position\":2,\"name\":\"Note legali\"}]},{\"@type\":\"WebSite\",\"@id\":\"https:\/\/viviendasturisticasmardeplata.com\/it\/#website\",\"url\":\"https:\/\/viviendasturisticasmardeplata.com\/it\/\",\"name\":\"Viviendas tur\u00edsticas Mar de Plata\",\"description\":\"Viviendas tur\u00edsticas en Sarria - Mar de Plata\",\"publisher\":{\"@id\":\"https:\/\/viviendasturisticasmardeplata.com\/it\/#organization\"},\"potentialAction\":[{\"@type\":\"SearchAction\",\"target\":{\"@type\":\"EntryPoint\",\"urlTemplate\":\"https:\/\/viviendasturisticasmardeplata.com\/it\/?s={search_term_string}\"},\"query-input\":{\"@type\":\"PropertyValueSpecification\",\"valueRequired\":true,\"valueName\":\"search_term_string\"}}],\"inLanguage\":\"it-IT\"},{\"@type\":\"Organization\",\"@id\":\"https:\/\/viviendasturisticasmardeplata.com\/it\/#organization\",\"name\":\"Viviendas tur\u00edsticas Mar de Plata\",\"url\":\"https:\/\/viviendasturisticasmardeplata.com\/it\/\",\"logo\":{\"@type\":\"ImageObject\",\"inLanguage\":\"it-IT\",\"@id\":\"https:\/\/viviendasturisticasmardeplata.com\/it\/#\/schema\/logo\/image\/\",\"url\":\"https:\/\/viviendasturisticasmardeplata.com\/wp-content\/uploads\/APARTAMENTOS.jpg\",\"contentUrl\":\"https:\/\/viviendasturisticasmardeplata.com\/wp-content\/uploads\/APARTAMENTOS.jpg\",\"width\":170,\"height\":130,\"caption\":\"Viviendas tur\u00edsticas Mar de Plata\"},\"image\":{\"@id\":\"https:\/\/viviendasturisticasmardeplata.com\/it\/#\/schema\/logo\/image\/\"}}]}<\/script>\n<!-- \/ Yoast SEO plugin. -->","yoast_head_json":{"title":"Note legali - Viviendas tur\u00edsticas Mar de Plata","robots":{"index":"index","follow":"follow","max-snippet":"max-snippet:-1","max-image-preview":"max-image-preview:large","max-video-preview":"max-video-preview:-1"},"canonical":"https:\/\/viviendasturisticasmardeplata.com\/it\/note-legali\/","og_locale":"it_IT","og_type":"article","og_title":"Note legali - Viviendas tur\u00edsticas Mar de Plata","og_description":"Il presente Avviso Legale regola l&#8217;accesso, la navigazione e l&#8217;utilizzo del sito web www.viviendasturisticasmardeplata.com (di seguito, il &#8220;Sito Web&#8221;), di propriet\u00e0 del Restaurante Mar de Plata S.L., attraverso il quale vengono offerte informazioni sui servizi di ricettivit\u00e0 turistica offerti. L&#8217;accesso...","og_url":"https:\/\/viviendasturisticasmardeplata.com\/it\/note-legali\/","og_site_name":"Viviendas tur\u00edsticas Mar de Plata","article_modified_time":"2026-02-16T16:52:45+00:00","twitter_card":"summary_large_image","twitter_misc":{"Tempo di lettura stimato":"3 minuti"},"schema":{"@context":"https:\/\/schema.org","@graph":[{"@type":"WebPage","@id":"https:\/\/viviendasturisticasmardeplata.com\/it\/note-legali\/","url":"https:\/\/viviendasturisticasmardeplata.com\/it\/note-legali\/","name":"Note legali - Viviendas tur\u00edsticas Mar de Plata","isPartOf":{"@id":"https:\/\/viviendasturisticasmardeplata.com\/it\/#website"},"datePublished":"2025-09-24T11:43:45+00:00","dateModified":"2026-02-16T16:52:45+00:00","breadcrumb":{"@id":"https:\/\/viviendasturisticasmardeplata.com\/it\/note-legali\/#breadcrumb"},"inLanguage":"it-IT","potentialAction":[{"@type":"ReadAction","target":["https:\/\/viviendasturisticasmardeplata.com\/it\/note-legali\/"]}]},{"@type":"BreadcrumbList","@id":"https:\/\/viviendasturisticasmardeplata.com\/it\/note-legali\/#breadcrumb","itemListElement":[{"@type":"ListItem","position":1,"name":"Portada","item":"https:\/\/viviendasturisticasmardeplata.com\/it\/home\/"},{"@type":"ListItem","position":2,"name":"Note legali"}]},{"@type":"WebSite","@id":"https:\/\/viviendasturisticasmardeplata.com\/it\/#website","url":"https:\/\/viviendasturisticasmardeplata.com\/it\/","name":"Viviendas tur\u00edsticas Mar de Plata","description":"Viviendas tur\u00edsticas en Sarria - Mar de Plata","publisher":{"@id":"https:\/\/viviendasturisticasmardeplata.com\/it\/#organization"},"potentialAction":[{"@type":"SearchAction","target":{"@type":"EntryPoint","urlTemplate":"https:\/\/viviendasturisticasmardeplata.com\/it\/?s={search_term_string}"},"query-input":{"@type":"PropertyValueSpecification","valueRequired":true,"valueName":"search_term_string"}}],"inLanguage":"it-IT"},{"@type":"Organization","@id":"https:\/\/viviendasturisticasmardeplata.com\/it\/#organization","name":"Viviendas tur\u00edsticas Mar de Plata","url":"https:\/\/viviendasturisticasmardeplata.com\/it\/","logo":{"@type":"ImageObject","inLanguage":"it-IT","@id":"https:\/\/viviendasturisticasmardeplata.com\/it\/#\/schema\/logo\/image\/","url":"https:\/\/viviendasturisticasmardeplata.com\/wp-content\/uploads\/APARTAMENTOS.jpg","contentUrl":"https:\/\/viviendasturisticasmardeplata.com\/wp-content\/uploads\/APARTAMENTOS.jpg","width":170,"height":130,"caption":"Viviendas tur\u00edsticas Mar de Plata"},"image":{"@id":"https:\/\/viviendasturisticasmardeplata.com\/it\/#\/schema\/logo\/image\/"}}]}},"_links":{"self":[{"href":"https:\/\/viviendasturisticasmardeplata.com\/it\/wp-json\/wp\/v2\/pages\/3290","targetHints":{"allow":["GET"]}}],"collection":[{"href":"https:\/\/viviendasturisticasmardeplata.com\/it\/wp-json\/wp\/v2\/pages"}],"about":[{"href":"https:\/\/viviendasturisticasmardeplata.com\/it\/wp-json\/wp\/v2\/types\/page"}],"author":[{"embeddable":true,"href":"https:\/\/viviendasturisticasmardeplata.com\/it\/wp-json\/wp\/v2\/users\/1"}],"replies":[{"embeddable":true,"href":"https:\/\/viviendasturisticasmardeplata.com\/it\/wp-json\/wp\/v2\/comments?post=3290"}],"version-history":[{"count":1,"href":"https:\/\/viviendasturisticasmardeplata.com\/it\/wp-json\/wp\/v2\/pages\/3290\/revisions"}],"predecessor-version":[{"id":3292,"href":"https:\/\/viviendasturisticasmardeplata.com\/it\/wp-json\/wp\/v2\/pages\/3290\/revisions\/3292"}],"wp:attachment":[{"href":"https:\/\/viviendasturisticasmardeplata.com\/it\/wp-json\/wp\/v2\/media?parent=3290"}],"curies":[{"name":"wp","href":"https:\/\/api.w.org\/{rel}","templated":true}]}}